{"id":157,"date":"2024-12-08T15:26:36","date_gmt":"2024-12-08T14:26:36","guid":{"rendered":"https:\/\/shop.rogaska.si\/de\/?page_id=157"},"modified":"2025-11-29T16:48:10","modified_gmt":"2025-11-29T15:48:10","slug":"contact","status":"publish","type":"page","link":"https:\/\/shop.rogaska.si\/de\/contact\/","title":{"rendered":"Kontakt"},"content":{"rendered":"\n<div class=\"wp-block-group alignfull has-global-padding is-layout-constrained wp-block-group-is-layout-constrained\" style=\"margin-top:0;margin-bottom:0;padding-top:var(--wp--preset--spacing--50);padding-bottom:var(--wp--preset--spacing--50)\">\n<div class=\"wp-block-group alignwide has-global-padding is-layout-constrained wp-block-group-is-layout-constrained\">\n<h2 class=\"wp-block-heading alignfull has-text-align-left has-xx-large-font-size\">Kontakt<\/h2>\n\n\n\n<div class=\"wp-block-group alignwide is-layout-grid wp-container-core-group-is-layout-5b5f6092 wp-block-group-is-layout-grid\" style=\"border-top-color:var(--wp--preset--color--accent-4);border-top-width:1px;margin-top:var(--wp--preset--spacing--50);padding-top:var(--wp--preset--spacing--60);padding-bottom:var(--wp--preset--spacing--60)\">\n<div class=\"wp-block-group is-layout-grid wp-container-core-group-is-layout-ce41be04 wp-block-group-is-layout-grid\">\n<div class=\"wp-block-group wp-container-content-e4b5e493 has-global-padding is-layout-constrained wp-block-group-is-layout-constrained\">\n<h3 class=\"wp-block-heading has-medium-font-size\" style=\"font-style:normal;font-weight:700\">HOTEL SAVA ROGA\u0160KA d.o.o.<\/h3>\n\n\n\n<p class=\"has-medium-font-size\">Zdravili\u0161ki trg 6<br>\u20283250 Roga\u0161ka Slatina<br>\u2028Slowenien<\/p>\n\n\n\n<p class=\"has-medium-font-size\"><a href=\"tel:+38638114000\">T +386 3 811 40 00<\/a><br><a href=\"mailto:info@rogaska.si\">info@rogaska.si<\/a><\/p>\n<\/div>\n<\/div>\n\n\n\n<div class=\"wp-block-group wp-container-content-30ce9d60 is-vertical is-layout-flex wp-container-core-group-is-layout-fe9cc265 wp-block-group-is-layout-flex\">\n<h3 class=\"wp-block-heading has-medium-font-size\" style=\"font-style:normal;font-weight:700\">Soziale Medien<\/h3>\n\n\n<nav class=\"has-medium-font-size  is-vertical wp-block-navigation is-layout-flex wp-container-core-navigation-is-layout-98bb686d wp-block-navigation-is-layout-flex\" aria-label=\"Navigation 2\"><ul class=\"wp-block-navigation__container has-medium-font-size  is-vertical wp-block-navigation has-medium-font-size\"><li class=\"has-medium-font-size wp-block-navigation-item wp-block-navigation-link\"><a class=\"wp-block-navigation-item__content\"  href=\"https:\/\/www.facebook.com\/gh.sava\"><span class=\"wp-block-navigation-item__label\">Facebook<\/span><\/a><\/li><li class=\"has-medium-font-size wp-block-navigation-item wp-block-navigation-link\"><a class=\"wp-block-navigation-item__content\"  href=\"https:\/\/www.instagram.com\/rogaska.si\/\"><span class=\"wp-block-navigation-item__label\">Instagram<\/span><\/a><\/li><li class=\"has-medium-font-size wp-block-navigation-item wp-block-navigation-link\"><a class=\"wp-block-navigation-item__content\"  href=\"https:\/\/x.com\/gh_sava\"><span class=\"wp-block-navigation-item__label\">X<\/span><\/a><\/li><li class=\"has-medium-font-size wp-block-navigation-item wp-block-navigation-link\"><a class=\"wp-block-navigation-item__content\"  href=\"https:\/\/www.tiktok.com\/@gh_sava_rogaskaslatina\"><span class=\"wp-block-navigation-item__label\">TikTok<\/span><\/a><\/li><\/ul><\/nav><\/div>\n<\/div>\n<\/div>\n<\/div>\n\n\n\n<div class=\"wp-block-group alignfull has-global-padding is-layout-constrained wp-block-group-is-layout-constrained\" style=\"margin-top:0;margin-bottom:0\">\n<div class=\"wp-block-group alignwide is-layout-flow wp-container-core-group-is-layout-d58a0413 wp-block-group-is-layout-flow\" style=\"padding-top:var(--wp--preset--spacing--50);padding-bottom:var(--wp--preset--spacing--50)\">\n<h2 class=\"wp-block-heading has-x-large-font-size\">H\u00e4ufig gestellte Fragen<\/h2>\n\n\n\n<div class=\"wp-block-columns is-layout-flex wp-container-core-columns-is-layout-cbe57604 wp-block-columns-is-layout-flex\">\n<div class=\"wp-block-column is-layout-flow wp-block-column-is-layout-flow\">\n<div class=\"wp-block-group is-layout-flow wp-block-group-is-layout-flow\" style=\"border-top-color:var(--wp--preset--color--accent-6);border-top-width:1px;padding-top:var(--wp--preset--spacing--30);padding-bottom:var(--wp--preset--spacing--30)\">\n<h3 class=\"wp-block-heading\">Wie kaufe ich einen Geschenkgutschein?<\/h3>\n\n\n\n<p>W\u00e4hlen Sie den gew\u00fcnschten Geschenkgutschein aus. Geben Sie den Namen, die E-Mail-Adresse des Empf\u00e4ngers und eine Nachricht ein und legen Sie den Gutschein in den Warenkorb. \u00dcberpr\u00fcfen Sie vor dem Absenden des Gutscheins den Warenkorb und nehmen Sie gegebenenfalls Korrekturen vor. Anschlie\u00dfend k\u00f6nnen Sie entweder weiter einkaufen oder die Bestellung best\u00e4tigen. Es erscheint ein Formular, in dem Sie alle erforderlichen Informationen eingeben und die Zahlungsart ausw\u00e4hlen.<\/p>\n<\/div>\n<\/div>\n\n\n\n<div class=\"wp-block-column is-layout-flow wp-block-column-is-layout-flow\">\n<div class=\"wp-block-group is-layout-flow wp-block-group-is-layout-flow\" style=\"border-top-color:var(--wp--preset--color--accent-6);border-top-width:1px;padding-top:var(--wp--preset--spacing--30);padding-bottom:var(--wp--preset--spacing--30)\">\n<h3 class=\"wp-block-heading\">Wie erhalte ich einen Geschenkgutschein?<\/h3>\n\n\n\n<p>Nach Zahlungseingang erhalten Sie und der\/die Beschenkte eine E-Mail mit einem Link zum Herunterladen und Ausdrucken des Geschenkgutscheins.<\/p>\n\n\n\n<p>Der Geschenkgutschein enth\u00e4lt einen individuellen Code, der zum Einl\u00f6sen ben\u00f6tigt wird.<\/p>\n<\/div>\n<\/div>\n<\/div>\n\n\n\n<div class=\"wp-block-columns is-layout-flex wp-container-core-columns-is-layout-cbe57604 wp-block-columns-is-layout-flex\">\n<div class=\"wp-block-column is-layout-flow wp-block-column-is-layout-flow\">\n<div class=\"wp-block-group is-layout-flow wp-block-group-is-layout-flow\" style=\"border-top-color:var(--wp--preset--color--accent-6);border-top-width:1px;padding-top:var(--wp--preset--spacing--30);padding-bottom:var(--wp--preset--spacing--30)\">\n<h3 class=\"wp-block-heading\">Wie lange ist ein Geschenkgutschein g\u00fcltig?<\/h3>\n\n\n\n<p>Der Geschenkgutschein ist ab Kaufdatum ein Jahr lang g\u00fcltig.<\/p>\n<\/div>\n<\/div>\n\n\n\n<div class=\"wp-block-column is-layout-flow wp-block-column-is-layout-flow\">\n<div class=\"wp-block-group is-layout-flow wp-block-group-is-layout-flow\" style=\"border-top-color:var(--wp--preset--color--accent-6);border-top-width:1px;padding-top:var(--wp--preset--spacing--30);padding-bottom:var(--wp--preset--spacing--30)\">\n<h3 class=\"wp-block-heading\">Welche Zahlungsmethoden akzeptieren Sie?<\/h3>\n\n\n\n<p>Sie k\u00f6nnen mit Kredit- und Debitkarten bezahlen.<\/p>\n\n\n\n<p>Alternativ bieten wir Ihnen die M\u00f6glichkeit der Zahlung per Vorkasse (\u00dcberweisung auf unser Konto; die Zahlungsanweisungen erhalten Sie nach Ihrer Bestellung).<br>Die Zahlung erfolgt auf unser Bankkonto. Bitte geben Sie die Bestellnummer als Verwendungszweck an.<br>Wir versenden Ihre Bestellung, sobald die Zahlung auf unserem Konto eingegangen ist.<\/p>\n<\/div>\n<\/div>\n<\/div>\n<\/div>\n<\/div>\n","protected":false},"excerpt":{"rendered":"<p>Kontakt HOTEL SAVA ROGA\u0160KA d.o.o. Zdravili\u0161ki trg 6\u20283250 Roga\u0161ka Slatina\u2028Slowenien T +386 3 811 40 00info@rogaska.si Soziale Medien H\u00e4ufig gestellte Fragen Wie kaufe ich einen Geschenkgutschein? W\u00e4hlen Sie den gew\u00fcnschten Geschenkgutschein aus. Geben Sie den Namen, die E-Mail-Adresse des Empf\u00e4ngers und eine Nachricht ein und legen Sie den Gutschein in den Warenkorb. \u00dcberpr\u00fcfen Sie vor [&hellip;]<\/p>\n","protected":false},"author":1,"featured_media":0,"parent":0,"menu_order":0,"comment_status":"closed","ping_status":"closed","template":"page-no-title","meta":{"footnotes":""},"class_list":["post-157","page","type-page","status-publish","hentry"],"_links":{"self":[{"href":"https:\/\/shop.rogaska.si\/de\/wp-json\/wp\/v2\/pages\/157","targetHints":{"allow":["GET"]}}],"collection":[{"href":"https:\/\/shop.rogaska.si\/de\/wp-json\/wp\/v2\/pages"}],"about":[{"href":"https:\/\/shop.rogaska.si\/de\/wp-json\/wp\/v2\/types\/page"}],"author":[{"embeddable":true,"href":"https:\/\/shop.rogaska.si\/de\/wp-json\/wp\/v2\/users\/1"}],"replies":[{"embeddable":true,"href":"https:\/\/shop.rogaska.si\/de\/wp-json\/wp\/v2\/comments?post=157"}],"version-history":[{"count":3,"href":"https:\/\/shop.rogaska.si\/de\/wp-json\/wp\/v2\/pages\/157\/revisions"}],"predecessor-version":[{"id":534,"href":"https:\/\/shop.rogaska.si\/de\/wp-json\/wp\/v2\/pages\/157\/revisions\/534"}],"wp:attachment":[{"href":"https:\/\/shop.rogaska.si\/de\/wp-json\/wp\/v2\/media?parent=157"}],"curies":[{"name":"wp","href":"https:\/\/api.w.org\/{rel}","templated":true}]}}