{"id":429,"date":"2025-11-17T18:29:45","date_gmt":"2025-11-17T17:29:45","guid":{"rendered":"https:\/\/shop.rogaska.si\/de\/?post_type=product&#038;p=429"},"modified":"2025-12-20T22:50:04","modified_gmt":"2025-12-20T21:50:04","slug":"bozicna-kopel","status":"publish","type":"product","link":"https:\/\/shop.rogaska.si\/de\/product\/bozicna-kopel\/","title":{"rendered":"Weihnachtsbad"},"content":{"rendered":"<p>Ein weihnachtliches Bad mit Aroma- und Hydromassage ist ein luxuri\u00f6ses und entspannendes Erlebnis, das festliche D\u00fcfte, warmes Wasser und wohltuende Massagebl\u00e4schen vereint.<\/p>\n<p>Dauer: 20 Minuten<\/p>\n","protected":false},"excerpt":{"rendered":"<p style=\"text-align: left;\">Geschenkgutschein f\u00fcr ein 20-min\u00fctiges Weihnachtsbad.<\/p>\n","protected":false},"featured_media":443,"comment_status":"closed","ping_status":"closed","template":"","meta":[],"product_brand":[],"product_cat":[20],"product_tag":[],"class_list":{"0":"post-429","1":"product","2":"type-product","3":"status-publish","4":"has-post-thumbnail","6":"product_cat-roi-beauty","8":"first","9":"instock","10":"virtual","11":"taxable","12":"purchasable","13":"product-type-simple"},"_links":{"self":[{"href":"https:\/\/shop.rogaska.si\/de\/wp-json\/wp\/v2\/product\/429","targetHints":{"allow":["GET"]}}],"collection":[{"href":"https:\/\/shop.rogaska.si\/de\/wp-json\/wp\/v2\/product"}],"about":[{"href":"https:\/\/shop.rogaska.si\/de\/wp-json\/wp\/v2\/types\/product"}],"replies":[{"embeddable":true,"href":"https:\/\/shop.rogaska.si\/de\/wp-json\/wp\/v2\/comments?post=429"}],"wp:featuredmedia":[{"embeddable":true,"href":"https:\/\/shop.rogaska.si\/de\/wp-json\/wp\/v2\/media\/443"}],"wp:attachment":[{"href":"https:\/\/shop.rogaska.si\/de\/wp-json\/wp\/v2\/media?parent=429"}],"wp:term":[{"taxonomy":"product_brand","embeddable":true,"href":"https:\/\/shop.rogaska.si\/de\/wp-json\/wp\/v2\/product_brand?post=429"},{"taxonomy":"product_cat","embeddable":true,"href":"https:\/\/shop.rogaska.si\/de\/wp-json\/wp\/v2\/product_cat?post=429"},{"taxonomy":"product_tag","embeddable":true,"href":"https:\/\/shop.rogaska.si\/de\/wp-json\/wp\/v2\/product_tag?post=429"}],"curies":[{"name":"wp","href":"https:\/\/api.w.org\/{rel}","templated":true}]}}