{"id":430,"date":"2025-11-17T18:31:29","date_gmt":"2025-11-17T17:31:29","guid":{"rendered":"https:\/\/shop.rogaska.si\/de\/?post_type=product&#038;p=430"},"modified":"2025-12-20T22:50:04","modified_gmt":"2025-12-20T21:50:04","slug":"roi-mango-obloga-na-vodni-postelji","status":"publish","type":"product","link":"https:\/\/shop.rogaska.si\/de\/product\/roi-mango-obloga-na-vodni-postelji\/","title":{"rendered":"Roi Mango Wrap auf einem Wasserbett"},"content":{"rendered":"<p>Verw\u00f6hnprogramm auf dem Wasserbett mit Mangopackung. Die Behandlung beginnt mit einem sanften Eintreten in einen Raum, der von warmen, tropischen Mangoaromen erf\u00fcllt ist. Das Wasserbett erm\u00f6glicht vollkommene Entspannung. Das sanfte Schaukeln des Wassers entlastet Wirbels\u00e4ule und Gelenke.<\/p>\n<p>Dauer: 30 Minuten<\/p>\n","protected":false},"excerpt":{"rendered":"<p style=\"text-align: left;\">Gutschein f\u00fcr einen Roi Mango Wrap auf einem Wasserbett f\u00fcr 30 Minuten.<\/p>\n","protected":false},"featured_media":447,"comment_status":"closed","ping_status":"closed","template":"","meta":[],"product_brand":[],"product_cat":[20],"product_tag":[],"class_list":{"0":"post-430","1":"product","2":"type-product","3":"status-publish","4":"has-post-thumbnail","6":"product_cat-roi-beauty","8":"first","9":"instock","10":"virtual","11":"taxable","12":"purchasable","13":"product-type-simple"},"_links":{"self":[{"href":"https:\/\/shop.rogaska.si\/de\/wp-json\/wp\/v2\/product\/430","targetHints":{"allow":["GET"]}}],"collection":[{"href":"https:\/\/shop.rogaska.si\/de\/wp-json\/wp\/v2\/product"}],"about":[{"href":"https:\/\/shop.rogaska.si\/de\/wp-json\/wp\/v2\/types\/product"}],"replies":[{"embeddable":true,"href":"https:\/\/shop.rogaska.si\/de\/wp-json\/wp\/v2\/comments?post=430"}],"wp:featuredmedia":[{"embeddable":true,"href":"https:\/\/shop.rogaska.si\/de\/wp-json\/wp\/v2\/media\/447"}],"wp:attachment":[{"href":"https:\/\/shop.rogaska.si\/de\/wp-json\/wp\/v2\/media?parent=430"}],"wp:term":[{"taxonomy":"product_brand","embeddable":true,"href":"https:\/\/shop.rogaska.si\/de\/wp-json\/wp\/v2\/product_brand?post=430"},{"taxonomy":"product_cat","embeddable":true,"href":"https:\/\/shop.rogaska.si\/de\/wp-json\/wp\/v2\/product_cat?post=430"},{"taxonomy":"product_tag","embeddable":true,"href":"https:\/\/shop.rogaska.si\/de\/wp-json\/wp\/v2\/product_tag?post=430"}],"curies":[{"name":"wp","href":"https:\/\/api.w.org\/{rel}","templated":true}]}}