{"id":431,"date":"2025-11-17T18:34:34","date_gmt":"2025-11-17T17:34:34","guid":{"rendered":"https:\/\/shop.rogaska.si\/de\/?post_type=product&#038;p=431"},"modified":"2025-12-20T22:50:04","modified_gmt":"2025-12-20T21:50:04","slug":"roi-mango-masaza-telesa-in-obraza-v-kombinaciji-z-oblogo","status":"publish","type":"product","link":"https:\/\/shop.rogaska.si\/de\/product\/roi-mango-masaza-telesa-in-obraza-v-kombinaciji-z-oblogo\/","title":{"rendered":"Roi-Mango-K\u00f6rper- und Gesichtsmassage kombiniert mit einer Packung"},"content":{"rendered":"<p>Einzigartige Roi-Mango-K\u00f6rper- und Gesichtsmassage, abgerundet mit einer K\u00f6rperpackung. Die Behandlung beinhaltet eine sanfte K\u00f6rpermassage mit Mangobutter, die Verspannungen in Muskeln und Gelenken l\u00f6st. Eine Gesichtsmassage entspannt die Gesichtsmuskulatur und verleiht der Haut neue Strahlkraft. Zum Abschluss wird die wohltuende Wirkung einer Mango-K\u00f6rperpackung verw\u00f6hnt.<\/p>\n<p>Dauer: 60 Min.<\/p>\n","protected":false},"excerpt":{"rendered":"<p style=\"text-align: left;\">Geschenkgutschein f\u00fcr eine Roi-Mango-K\u00f6rper- und Gesichtsmassage in Kombination mit einer 60-min\u00fctigen K\u00f6rperpackung.<\/p>\n","protected":false},"featured_media":232,"comment_status":"closed","ping_status":"closed","template":"","meta":[],"product_brand":[],"product_cat":[21,20],"product_tag":[],"class_list":{"0":"post-431","1":"product","2":"type-product","3":"status-publish","4":"has-post-thumbnail","6":"product_cat-massagen","7":"product_cat-roi-beauty","9":"first","10":"instock","11":"virtual","12":"taxable","13":"purchasable","14":"product-type-simple"},"_links":{"self":[{"href":"https:\/\/shop.rogaska.si\/de\/wp-json\/wp\/v2\/product\/431","targetHints":{"allow":["GET"]}}],"collection":[{"href":"https:\/\/shop.rogaska.si\/de\/wp-json\/wp\/v2\/product"}],"about":[{"href":"https:\/\/shop.rogaska.si\/de\/wp-json\/wp\/v2\/types\/product"}],"replies":[{"embeddable":true,"href":"https:\/\/shop.rogaska.si\/de\/wp-json\/wp\/v2\/comments?post=431"}],"wp:featuredmedia":[{"embeddable":true,"href":"https:\/\/shop.rogaska.si\/de\/wp-json\/wp\/v2\/media\/232"}],"wp:attachment":[{"href":"https:\/\/shop.rogaska.si\/de\/wp-json\/wp\/v2\/media?parent=431"}],"wp:term":[{"taxonomy":"product_brand","embeddable":true,"href":"https:\/\/shop.rogaska.si\/de\/wp-json\/wp\/v2\/product_brand?post=431"},{"taxonomy":"product_cat","embeddable":true,"href":"https:\/\/shop.rogaska.si\/de\/wp-json\/wp\/v2\/product_cat?post=431"},{"taxonomy":"product_tag","embeddable":true,"href":"https:\/\/shop.rogaska.si\/de\/wp-json\/wp\/v2\/product_tag?post=431"}],"curies":[{"name":"wp","href":"https:\/\/api.w.org\/{rel}","templated":true}]}}