{"id":67,"date":"2024-12-05T12:49:53","date_gmt":"2024-12-05T11:49:53","guid":{"rendered":"https:\/\/shop.rogaska.si\/de\/?post_type=product&#038;p=67"},"modified":"2025-12-20T22:50:05","modified_gmt":"2025-12-20T21:50:05","slug":"razvajanje-v-dvoje-v-sobi-lux","status":"publish","type":"product","link":"https:\/\/shop.rogaska.si\/de\/product\/razvajanje-v-dvoje-v-sobi-lux\/","title":{"rendered":"Verw\u00f6hnprogramm f\u00fcr zwei im LUX-Zimmer"},"content":{"rendered":"<p>Erleben Sie h\u00f6chsten Komfort und Luxus in einem ger\u00e4umigen LUX-Zimmer mit intimer Atmosph\u00e4re und entspannendem Ambiente. Das Paket beinhaltet zwei \u00dcbernachtungen f\u00fcr zwei Personen und ist ideal f\u00fcr einen romantischen Kurzurlaub.<\/p>\n","protected":false},"excerpt":{"rendered":"<p>Geschenkgutschein f\u00fcr Verw\u00f6hnprogramm f\u00fcr zwei Personen in einem LUX-Zimmer 21 m\u00b2 &#8211; zwei \u00dcbernachtungen f\u00fcr 2 Personen.<\/p>\n","protected":false},"featured_media":240,"comment_status":"closed","ping_status":"closed","template":"","meta":[],"product_brand":[],"product_cat":[18],"product_tag":[],"class_list":{"0":"post-67","1":"product","2":"type-product","3":"status-publish","4":"has-post-thumbnail","6":"product_cat-unterkunft","8":"first","9":"instock","10":"virtual","11":"taxable","12":"purchasable","13":"product-type-simple"},"_links":{"self":[{"href":"https:\/\/shop.rogaska.si\/de\/wp-json\/wp\/v2\/product\/67","targetHints":{"allow":["GET"]}}],"collection":[{"href":"https:\/\/shop.rogaska.si\/de\/wp-json\/wp\/v2\/product"}],"about":[{"href":"https:\/\/shop.rogaska.si\/de\/wp-json\/wp\/v2\/types\/product"}],"replies":[{"embeddable":true,"href":"https:\/\/shop.rogaska.si\/de\/wp-json\/wp\/v2\/comments?post=67"}],"wp:featuredmedia":[{"embeddable":true,"href":"https:\/\/shop.rogaska.si\/de\/wp-json\/wp\/v2\/media\/240"}],"wp:attachment":[{"href":"https:\/\/shop.rogaska.si\/de\/wp-json\/wp\/v2\/media?parent=67"}],"wp:term":[{"taxonomy":"product_brand","embeddable":true,"href":"https:\/\/shop.rogaska.si\/de\/wp-json\/wp\/v2\/product_brand?post=67"},{"taxonomy":"product_cat","embeddable":true,"href":"https:\/\/shop.rogaska.si\/de\/wp-json\/wp\/v2\/product_cat?post=67"},{"taxonomy":"product_tag","embeddable":true,"href":"https:\/\/shop.rogaska.si\/de\/wp-json\/wp\/v2\/product_tag?post=67"}],"curies":[{"name":"wp","href":"https:\/\/api.w.org\/{rel}","templated":true}]}}