{"id":70,"date":"2024-12-05T12:54:30","date_gmt":"2024-12-05T11:54:30","guid":{"rendered":"https:\/\/shop.rogaska.si\/de\/?post_type=product&#038;p=70"},"modified":"2025-12-20T22:50:05","modified_gmt":"2025-12-20T21:50:05","slug":"roi-spa-za-dve-uri-kosilo","status":"publish","type":"product","link":"https:\/\/shop.rogaska.si\/de\/product\/roi-spa-za-dve-uri-kosilo\/","title":{"rendered":"ROI SPA f\u00fcr zwei Stunden + Mittagessen"},"content":{"rendered":"<p>Erleben Sie einen unvergesslichen Tag der Entspannung in der ROI SPA Saunawelt, wo Sie zwei Stunden in verschiedenen Saunen und Ruhebereichen verbringen k\u00f6nnen, gefolgt von einem k\u00f6stlichen Mittagessen f\u00fcr zwei Personen.<\/p>\n","protected":false},"excerpt":{"rendered":"<p>Gutschein f\u00fcr einen zweist\u00fcndigen Besuch im ROI SPA inklusive Mittagessen f\u00fcr 2 Personen.<\/p>\n","protected":false},"featured_media":241,"comment_status":"closed","ping_status":"closed","template":"","meta":[],"product_brand":[],"product_cat":[19,22],"product_tag":[],"class_list":{"0":"post-70","1":"product","2":"type-product","3":"status-publish","4":"has-post-thumbnail","6":"product_cat-gastronomie","7":"product_cat-roi-spa","9":"first","10":"instock","11":"virtual","12":"taxable","13":"purchasable","14":"product-type-simple"},"_links":{"self":[{"href":"https:\/\/shop.rogaska.si\/de\/wp-json\/wp\/v2\/product\/70","targetHints":{"allow":["GET"]}}],"collection":[{"href":"https:\/\/shop.rogaska.si\/de\/wp-json\/wp\/v2\/product"}],"about":[{"href":"https:\/\/shop.rogaska.si\/de\/wp-json\/wp\/v2\/types\/product"}],"replies":[{"embeddable":true,"href":"https:\/\/shop.rogaska.si\/de\/wp-json\/wp\/v2\/comments?post=70"}],"wp:featuredmedia":[{"embeddable":true,"href":"https:\/\/shop.rogaska.si\/de\/wp-json\/wp\/v2\/media\/241"}],"wp:attachment":[{"href":"https:\/\/shop.rogaska.si\/de\/wp-json\/wp\/v2\/media?parent=70"}],"wp:term":[{"taxonomy":"product_brand","embeddable":true,"href":"https:\/\/shop.rogaska.si\/de\/wp-json\/wp\/v2\/product_brand?post=70"},{"taxonomy":"product_cat","embeddable":true,"href":"https:\/\/shop.rogaska.si\/de\/wp-json\/wp\/v2\/product_cat?post=70"},{"taxonomy":"product_tag","embeddable":true,"href":"https:\/\/shop.rogaska.si\/de\/wp-json\/wp\/v2\/product_tag?post=70"}],"curies":[{"name":"wp","href":"https:\/\/api.w.org\/{rel}","templated":true}]}}