{"id":71,"date":"2024-12-05T12:55:53","date_gmt":"2024-12-05T11:55:53","guid":{"rendered":"https:\/\/shop.rogaska.si\/de\/?post_type=product&#038;p=71"},"modified":"2025-12-20T22:50:04","modified_gmt":"2025-12-20T21:50:04","slug":"najem-spa-sobe-z-jakuzijem-in-finsko-savno","status":"publish","type":"product","link":"https:\/\/shop.rogaska.si\/de\/product\/najem-spa-sobe-z-jakuzijem-in-finsko-savno\/","title":{"rendered":"Mieten Sie einen Wellnessraum mit Whirlpool und finnischer Sauna"},"content":{"rendered":"<p>G\u00f6nnen Sie sich zwei Stunden Entspannung und Zweisamkeit in einem exklusiven Ambiente \u2013 nur f\u00fcr Sie und Ihren Partner. Genie\u00dfen Sie absolute Privatsph\u00e4re in unserem Spa-Raum mit Whirlpool und finnischer Sauna.<\/p>\n","protected":false},"excerpt":{"rendered":"<p>Geschenkgutschein f\u00fcr die Anmietung eines SPA-Raumes mit Whirlpool und finnischer Sauna f\u00fcr 2 Stunden.<\/p>\n","protected":false},"featured_media":235,"comment_status":"closed","ping_status":"closed","template":"","meta":[],"product_brand":[],"product_cat":[22,18],"product_tag":[],"class_list":{"0":"post-71","1":"product","2":"type-product","3":"status-publish","4":"has-post-thumbnail","6":"product_cat-roi-spa","7":"product_cat-unterkunft","9":"first","10":"instock","11":"virtual","12":"taxable","13":"purchasable","14":"product-type-simple"},"_links":{"self":[{"href":"https:\/\/shop.rogaska.si\/de\/wp-json\/wp\/v2\/product\/71","targetHints":{"allow":["GET"]}}],"collection":[{"href":"https:\/\/shop.rogaska.si\/de\/wp-json\/wp\/v2\/product"}],"about":[{"href":"https:\/\/shop.rogaska.si\/de\/wp-json\/wp\/v2\/types\/product"}],"replies":[{"embeddable":true,"href":"https:\/\/shop.rogaska.si\/de\/wp-json\/wp\/v2\/comments?post=71"}],"wp:featuredmedia":[{"embeddable":true,"href":"https:\/\/shop.rogaska.si\/de\/wp-json\/wp\/v2\/media\/235"}],"wp:attachment":[{"href":"https:\/\/shop.rogaska.si\/de\/wp-json\/wp\/v2\/media?parent=71"}],"wp:term":[{"taxonomy":"product_brand","embeddable":true,"href":"https:\/\/shop.rogaska.si\/de\/wp-json\/wp\/v2\/product_brand?post=71"},{"taxonomy":"product_cat","embeddable":true,"href":"https:\/\/shop.rogaska.si\/de\/wp-json\/wp\/v2\/product_cat?post=71"},{"taxonomy":"product_tag","embeddable":true,"href":"https:\/\/shop.rogaska.si\/de\/wp-json\/wp\/v2\/product_tag?post=71"}],"curies":[{"name":"wp","href":"https:\/\/api.w.org\/{rel}","templated":true}]}}