{"id":117,"date":"2024-12-06T00:19:29","date_gmt":"2024-12-05T23:19:29","guid":{"rendered":"https:\/\/shop.rogaska.si\/hr\/?page_id=117"},"modified":"2025-11-29T18:56:57","modified_gmt":"2025-11-29T17:56:57","slug":"privacy-policy","status":"publish","type":"page","link":"https:\/\/shop.rogaska.si\/hr\/privacy-policy\/","title":{"rendered":"Pravila o privatnosti"},"content":{"rendered":"\n<h2 class=\"wp-block-heading\">Pravila o privatnosti<\/h2>\n\n\n\n<p>Hotel Sava Roga\u0161ka d.o.o. s velikom pa\u017enjom \u0161titi privatnost informacija dobivenih od korisnika ovih web stranica i osobnih podataka koje korisnici daju, u skladu s va\u017ee\u0107im zakonodavstvom o za\u0161titi osobnih podataka u Republici Sloveniji i GDPR-om.<br>Na\u0161u web stranicu mo\u017eete posjetiti bez davanja svojih osobnih podataka. Davanje osobnih podataka potrebno je samo ako kupujete u internetskoj trgovini, registrirate se za doga\u0111aje, po\u0161aljete upit ili se pretplatite na obavijesti.<br>Osobne podatke prikupljamo samo kada nam ih po\u0161aljete uz registraciju, ispunjene obrasce ili e-po\u0161tu kao narud\u017ebu za obavijesti, dio narud\u017ebe usluge, zahtjeva ili upita za usluge i u sli\u010dnim situacijama u skladu sa svrhom za koju ste odlu\u010dili poslati nam svoje podatke.<br>Va\u0161 pristanak na obavijesti zna\u010di da \u0107emo pohranjivati \u200b\u200bsamo va\u0161u adresu e-po\u0161te i ni\u0161ta vi\u0161e. Nikada je ne\u0107emo dati tre\u0107im stranama. Ako kupac (korisnik) \u017eeli urediti ili izbrisati svoje podatke s na\u0161eg popisa, mo\u017ee nas o tome obavijestiti i putem e-po\u0161te: info@rogaska.si ili nam poslati pisani zahtjev po\u0161tom.<br>Obvezujemo se trajno \u0161tititi sve osobne podatke kupca (korisnika) koje je unio prilikom kupnje (ime, prezime, adresa, po\u0161tanska adresa, broj telefona, adresa e-po\u0161te) te s njim vodimo dokumentaciju o komunikaciji. Osobni podaci o kupcu koristit \u0107e se isklju\u010divo u svrhu ispunjenja narud\u017ebe (slanje e-biltena, ponuda, ra\u010duna) i ostale potrebne komunikacije.<\/p>\n\n\n\n<p>Osim osobnih podataka koje nam dajete, prikupljamo i podatke putem kola\u010di\u0107a; to mo\u017ee uklju\u010divati \u200b\u200bweb stranicu koja je bila povezana s na\u0161om web stranicom, web stranice koje posje\u0107ujete s na\u0161e web stranice, va\u0161u IP adresu kako bismo utvrdili zemlju iz koje dolazite i trajanje va\u0161eg posjeta na\u0161oj web stranici. Pomo\u0107u ovih podataka mogli bismo utvrditi va\u0161 identitet, ali to ne \u010dinimo.<\/p>\n\n\n\n<p>Osiguravamo odgovaraju\u0107a tehnolo\u0161ka sredstva i sustave sigurnosne za\u0161tite koji pru\u017eaju odgovaraju\u0107u za\u0161titu od gubitka ili zlouporabe podataka.<\/p>\n\n\n\n<h2 class=\"wp-block-heading\">Komunikacija<\/h2>\n\n\n\n<p>Prodavatelj \u0107e kontaktirati kupca putem sredstava komunikacije na daljinu samo ako se kupac tome izri\u010dito ne protivi. Oglasne e-poruke sadr\u017eavat \u0107e komponente koje \u0107e biti jasno i nedvosmisleno ozna\u010dene kao oglasne poruke, po\u0161iljatelj \u0107e biti jasno naveden, promocije, posebni popusti i druge marketin\u0161ke tehnike bit \u0107e jasno ozna\u010dene kao takve s jasno definiranim uvjetima za sudjelovanje u njima, na\u010din odjave od primanja oglasnih poruka bit \u0107e jasno predstavljen, \u017eelju kupca da ne prima oglasne poruke prodavatelj \u0107e izri\u010dito po\u0161tovati. S kupcima \u017eelimo komunicirati putem e-po\u0161te i broja mobitela (SMS) uglavnom radi procesa narud\u017ebe i dostave, ako kupac to dopusti, komunicirat \u0107emo s njima i u svrhu obavje\u0161tavanja o novim ponudama i promocijama. Kupac se mo\u017ee u bilo kojem trenutku odjaviti od primanja poruka pisanim putem na info@rogaska.si ili telefonom +386 3 811 40 00.<\/p>\n\n\n\n<h2 class=\"wp-block-heading\">Izjava o za\u0161titi podataka \u2013 GDPR<\/h2>\n\n\n\n<p>Va\u0161e osobne podatke koristit \u0107emo samo u svrhu za koju ste dali svoju izri\u010ditu privolu.<br>U skladu s ovom privolom, Hotel Sava Roga\u0161ka d.o.o. pohranjivat \u0107e va\u0161e osobne podatke u skladu s europskom GDPR direktivom i va\u017ee\u0107im zakonom o za\u0161titi osobnih podataka dok je ne povu\u010dete. Svoje podatke mo\u017eete promijeniti u bilo kojem trenutku klikom na poveznicu A\u017euriraj podatke ili povu\u0107i svoju privolu klikom na poveznicu Odjavi se. Obje poveznice dostupne su u svakoj poslanoj poruci.<br>Hotel Sava Roga\u0161ka d.o.o. ne\u0107e dijeliti va\u0161e osobne podatke s drugim tvrtkama u marketin\u0161ke ili druge svrhe. U skladu s va\u017ee\u0107im pravnim okvirom, imate pravo prigovoriti na obradu osobnih podataka i na njihovu prenosivost. Svoje pravo na pristup, ispravak ili brisanje osobnih podataka ili ograni\u010davanje obrade osobnih podataka mo\u017eete ostvariti pisanim putem.<br>Svoje zahtjeve u vezi s obradom i za\u0161titom osobnih podataka mo\u017eete poslati i na adresu e-po\u0161te info@rogaska.si. Ako sumnjate da ne obra\u0111ujemo va\u0161e osobne podatke u skladu s va\u0161om privolom, mo\u017eete podnijeti pritu\u017ebu Uredu povjerenika za informiranje.<\/p>\n\n\n\n<h2 class=\"wp-block-heading\">Pretplatite se na e-bilten<\/h2>\n\n\n\n<p>Pretplatom na e-bilten, pretplatnik pristaje da se osobni podaci koje je dao prilikom prijave na e-bilten koriste ili obra\u0111uju za slanje poruka vezanih uz poslovanje pru\u017eatelja usluga (promocije, novosti, reklamne poruke, novosti itd.) na njegovu\/njezinu adresu e-po\u0161te.<br>Ovu privolu pretplatnik na e-bilten mo\u017ee opozvati u bilo kojem trenutku. Opoziv se mo\u017ee izvr\u0161iti na dnu primljene e-po\u0161te, klikom na poveznicu &#8220;odjava&#8221;. Ili slanjem e-po\u0161te na info@rogaska.si s predmetom &#8220;Odjava s e-biltena&#8221;.<br>Pretplatom na e-bilten bit \u0107ete obavije\u0161teni o novostima, promocijama i zanimljivostima iz na\u0161e ponude.<br>Tako\u0111er \u0161aljemo e-biltene svim na\u0161im cijenjenim pretplatnicima.<\/p>\n\n\n\n<h2 class=\"wp-block-heading\">Isklju\u010denje odgovornosti<\/h2>\n\n\n\n<p>Pru\u017eatelj usluga ne odgovara za bilo kakvu \u0161tetu koju korisnik mo\u017ee pretrpjeti zbog toga \u0161to je pru\u017eatelju usluga prilikom upita\/pretplate na e-bilten ili kasnije pru\u017eio neto\u010dne, nepotpune ili zastarjele podatke. Upravitelj web stranice shop.rogaska.si\/hr moli korisnike koji se ne sla\u017eu s ovom politikom ili njezinim izmjenama ili dopunama da napuste web stranicu i da je u budu\u0107nosti ne koriste.<\/p>\n\n\n\n<h2 class=\"wp-block-heading\">Posjetnica<\/h2>\n\n\n\n<p>HOTEL SAVA ROGA\u0160KA d.o.o.<br>Zdravili\u0161ki trg 6<br>\u20283250 Roga\u0161ka Slatina<br>\u2028Slovenija<\/p>\n\n\n\n<p>T: <a href=\"tel:+38638114000\">+386 (0)3 811 40 00\u2028<\/a><br>E-mail: <a href=\"mailto:info@rogaska.si\">info@rogaska.si\u2028<\/a><\/p>\n\n\n\n<p>PDV ID: SI29042364\u2028<br>Registarski broj: 1647717\u2028<br>\u2028IBAN: SI56 0443 0000 1538 049, OTP banka d.d.<br>SWIFT CODE (BIC): KBMASI2X\u2028<\/p>\n","protected":false},"excerpt":{"rendered":"<p>Pravila o privatnosti Hotel Sava Roga\u0161ka d.o.o. s velikom pa\u017enjom \u0161titi privatnost informacija dobivenih od korisnika ovih web stranica i osobnih podataka koje korisnici daju, u skladu s va\u017ee\u0107im zakonodavstvom o za\u0161titi osobnih podataka u Republici Sloveniji i GDPR-om.Na\u0161u web stranicu mo\u017eete posjetiti bez davanja svojih osobnih podataka. Davanje osobnih podataka potrebno je samo ako [&hellip;]<\/p>\n","protected":false},"author":1,"featured_media":0,"parent":0,"menu_order":0,"comment_status":"closed","ping_status":"closed","template":"","meta":{"footnotes":""},"class_list":["post-117","page","type-page","status-publish","hentry"],"_links":{"self":[{"href":"https:\/\/shop.rogaska.si\/hr\/wp-json\/wp\/v2\/pages\/117","targetHints":{"allow":["GET"]}}],"collection":[{"href":"https:\/\/shop.rogaska.si\/hr\/wp-json\/wp\/v2\/pages"}],"about":[{"href":"https:\/\/shop.rogaska.si\/hr\/wp-json\/wp\/v2\/types\/page"}],"author":[{"embeddable":true,"href":"https:\/\/shop.rogaska.si\/hr\/wp-json\/wp\/v2\/users\/1"}],"replies":[{"embeddable":true,"href":"https:\/\/shop.rogaska.si\/hr\/wp-json\/wp\/v2\/comments?post=117"}],"version-history":[{"count":3,"href":"https:\/\/shop.rogaska.si\/hr\/wp-json\/wp\/v2\/pages\/117\/revisions"}],"predecessor-version":[{"id":532,"href":"https:\/\/shop.rogaska.si\/hr\/wp-json\/wp\/v2\/pages\/117\/revisions\/532"}],"wp:attachment":[{"href":"https:\/\/shop.rogaska.si\/hr\/wp-json\/wp\/v2\/media?parent=117"}],"curies":[{"name":"wp","href":"https:\/\/api.w.org\/{rel}","templated":true}]}}