{"id":157,"date":"2024-12-08T15:26:36","date_gmt":"2024-12-08T14:26:36","guid":{"rendered":"https:\/\/shop.rogaska.si\/hr\/?page_id=157"},"modified":"2025-11-29T18:54:48","modified_gmt":"2025-11-29T17:54:48","slug":"contact","status":"publish","type":"page","link":"https:\/\/shop.rogaska.si\/hr\/contact\/","title":{"rendered":"Kontakt"},"content":{"rendered":"\n<div class=\"wp-block-group alignfull has-global-padding is-layout-constrained wp-block-group-is-layout-constrained\" style=\"margin-top:0;margin-bottom:0;padding-top:var(--wp--preset--spacing--50);padding-bottom:var(--wp--preset--spacing--50)\">\n<div class=\"wp-block-group alignwide has-global-padding is-layout-constrained wp-block-group-is-layout-constrained\">\n<h2 class=\"wp-block-heading alignfull has-text-align-left has-xx-large-font-size\">Kontakt<\/h2>\n\n\n\n<div class=\"wp-block-group alignwide is-layout-grid wp-container-core-group-is-layout-5b5f6092 wp-block-group-is-layout-grid\" style=\"border-top-color:var(--wp--preset--color--accent-4);border-top-width:1px;margin-top:var(--wp--preset--spacing--50);padding-top:var(--wp--preset--spacing--60);padding-bottom:var(--wp--preset--spacing--60)\">\n<div class=\"wp-block-group is-layout-grid wp-container-core-group-is-layout-ce41be04 wp-block-group-is-layout-grid\">\n<div class=\"wp-block-group wp-container-content-e4b5e493 has-global-padding is-layout-constrained wp-block-group-is-layout-constrained\">\n<h3 class=\"wp-block-heading has-medium-font-size\" style=\"font-style:normal;font-weight:700\">HOTEL SAVA ROGA\u0160KA d.o.o.<\/h3>\n\n\n\n<p class=\"has-medium-font-size\">Zdravili\u0161ki trg 6<br>\u20283250 Roga\u0161ka Slatina<br>\u2028Slovenija<\/p>\n\n\n\n<p class=\"has-medium-font-size\"><a href=\"tel:+38638114000\">T +386 3 811 40 00<\/a><br><a href=\"mailto:info@rogaska.si\">info@rogaska.si<\/a><\/p>\n<\/div>\n<\/div>\n\n\n\n<div class=\"wp-block-group wp-container-content-30ce9d60 is-vertical is-layout-flex wp-container-core-group-is-layout-fe9cc265 wp-block-group-is-layout-flex\">\n<h3 class=\"wp-block-heading has-medium-font-size\" style=\"font-style:normal;font-weight:700\">Dru\u0161tveni mediji<\/h3>\n\n\n<nav class=\"has-medium-font-size  is-vertical wp-block-navigation is-layout-flex wp-container-core-navigation-is-layout-98bb686d wp-block-navigation-is-layout-flex\" aria-label=\"Navigation 2\"><ul class=\"wp-block-navigation__container has-medium-font-size  is-vertical wp-block-navigation has-medium-font-size\"><li class=\"has-medium-font-size wp-block-navigation-item wp-block-navigation-link\"><a class=\"wp-block-navigation-item__content\"  href=\"https:\/\/www.facebook.com\/gh.sava\"><span class=\"wp-block-navigation-item__label\">Facebook<\/span><\/a><\/li><li class=\"has-medium-font-size wp-block-navigation-item wp-block-navigation-link\"><a class=\"wp-block-navigation-item__content\"  href=\"https:\/\/www.instagram.com\/rogaska.si\/\"><span class=\"wp-block-navigation-item__label\">Instagram<\/span><\/a><\/li><li class=\"has-medium-font-size wp-block-navigation-item wp-block-navigation-link\"><a class=\"wp-block-navigation-item__content\"  href=\"https:\/\/x.com\/gh_sava\"><span class=\"wp-block-navigation-item__label\">X<\/span><\/a><\/li><li class=\"has-medium-font-size wp-block-navigation-item wp-block-navigation-link\"><a class=\"wp-block-navigation-item__content\"  href=\"https:\/\/www.tiktok.com\/@gh_sava_rogaskaslatina\"><span class=\"wp-block-navigation-item__label\">TikTok<\/span><\/a><\/li><\/ul><\/nav><\/div>\n<\/div>\n<\/div>\n<\/div>\n\n\n\n<div class=\"wp-block-group alignfull has-global-padding is-layout-constrained wp-block-group-is-layout-constrained\" style=\"margin-top:0;margin-bottom:0\">\n<div class=\"wp-block-group alignwide is-layout-flow wp-container-core-group-is-layout-d58a0413 wp-block-group-is-layout-flow\" style=\"padding-top:var(--wp--preset--spacing--50);padding-bottom:var(--wp--preset--spacing--50)\">\n<h2 class=\"wp-block-heading has-x-large-font-size\">\u010cesto postavljana pitanja<\/h2>\n\n\n\n<div class=\"wp-block-columns is-layout-flex wp-container-core-columns-is-layout-cbe57604 wp-block-columns-is-layout-flex\">\n<div class=\"wp-block-column is-layout-flow wp-block-column-is-layout-flow\">\n<div class=\"wp-block-group is-layout-flow wp-block-group-is-layout-flow\" style=\"border-top-color:var(--wp--preset--color--accent-6);border-top-width:1px;padding-top:var(--wp--preset--spacing--30);padding-bottom:var(--wp--preset--spacing--30)\">\n<h3 class=\"wp-block-heading\">Koji je postupak kupnje poklon bona?<\/h3>\n\n\n\n<p>Odaberite \u017eeljeni poklon bon. Ispunite ime, e-mail primatelja i poruku za primatelja te dodajte poklon bon u ko\u0161aricu. Prije narud\u017ebe pregledajte ko\u0161aricu i ispravite eventualne pogre\u0161ke. Zatim mo\u017eete nastaviti s kupnjom ili potvrditi narud\u017ebu. Slijedi obrazac u koji unosite sve potrebne podatke i odabirete pla\u0107anje.<\/p>\n<\/div>\n<\/div>\n\n\n\n<div class=\"wp-block-column is-layout-flow wp-block-column-is-layout-flow\">\n<div class=\"wp-block-group is-layout-flow wp-block-group-is-layout-flow\" style=\"border-top-color:var(--wp--preset--color--accent-6);border-top-width:1px;padding-top:var(--wp--preset--spacing--30);padding-bottom:var(--wp--preset--spacing--30)\">\n<h3 class=\"wp-block-heading\">Kako mogu primiti poklon bon?<\/h3>\n\n\n\n<p>Nakon \u0161to uplata bude primljena, vi i primatelj primit \u0107ete e-poruku s poveznicom za preuzimanje i ispis poklon bona.<\/p>\n\n\n\n<p>Poklon bon dolazi s jedinstvenim kodom koji je potreban za iskori\u0161tavanje bona.<\/p>\n<\/div>\n<\/div>\n<\/div>\n\n\n\n<div class=\"wp-block-columns is-layout-flex wp-container-core-columns-is-layout-cbe57604 wp-block-columns-is-layout-flex\">\n<div class=\"wp-block-column is-layout-flow wp-block-column-is-layout-flow\">\n<div class=\"wp-block-group is-layout-flow wp-block-group-is-layout-flow\" style=\"border-top-color:var(--wp--preset--color--accent-6);border-top-width:1px;padding-top:var(--wp--preset--spacing--30);padding-bottom:var(--wp--preset--spacing--30)\">\n<h3 class=\"wp-block-heading\">Koliko dugo vrijedi poklon bon?<\/h3>\n\n\n\n<p>Poklon bon vrijedi godinu dana od datuma kupnje.<\/p>\n<\/div>\n<\/div>\n\n\n\n<div class=\"wp-block-column is-layout-flow wp-block-column-is-layout-flow\">\n<div class=\"wp-block-group is-layout-flow wp-block-group-is-layout-flow\" style=\"border-top-color:var(--wp--preset--color--accent-6);border-top-width:1px;padding-top:var(--wp--preset--spacing--30);padding-bottom:var(--wp--preset--spacing--30)\">\n<h3 class=\"wp-block-heading\">Koje na\u010dine pla\u0107anja prihva\u0107ate?<\/h3>\n\n\n\n<p>Pla\u0107anje je mogu\u0107e kreditnim i debitnim karticama.<\/p>\n\n\n\n<p>Tako\u0111er vam omogu\u0107ujemo pla\u0107anje putem predra\u010duna (prijenosom na na\u0161 ra\u010dun, upute za pla\u0107anje bit \u0107e poslane kada naru\u010dite).<br>Uplatu vr\u0161ite na na\u0161 bankovni ra\u010dun. Unesite ID narud\u017ebe kao referencu.<br>Narud\u017ebu \u0161aljemo kada primimo uplatu na na\u0161 bankovni ra\u010dun.<\/p>\n<\/div>\n<\/div>\n<\/div>\n<\/div>\n<\/div>\n","protected":false},"excerpt":{"rendered":"<p>Kontakt HOTEL SAVA ROGA\u0160KA d.o.o. Zdravili\u0161ki trg 6\u20283250 Roga\u0161ka Slatina\u2028Slovenija T +386 3 811 40 00info@rogaska.si Dru\u0161tveni mediji \u010cesto postavljana pitanja Koji je postupak kupnje poklon bona? Odaberite \u017eeljeni poklon bon. Ispunite ime, e-mail primatelja i poruku za primatelja te dodajte poklon bon u ko\u0161aricu. Prije narud\u017ebe pregledajte ko\u0161aricu i ispravite eventualne pogre\u0161ke. Zatim mo\u017eete [&hellip;]<\/p>\n","protected":false},"author":1,"featured_media":0,"parent":0,"menu_order":0,"comment_status":"closed","ping_status":"closed","template":"page-no-title","meta":{"footnotes":""},"class_list":["post-157","page","type-page","status-publish","hentry"],"_links":{"self":[{"href":"https:\/\/shop.rogaska.si\/hr\/wp-json\/wp\/v2\/pages\/157","targetHints":{"allow":["GET"]}}],"collection":[{"href":"https:\/\/shop.rogaska.si\/hr\/wp-json\/wp\/v2\/pages"}],"about":[{"href":"https:\/\/shop.rogaska.si\/hr\/wp-json\/wp\/v2\/types\/page"}],"author":[{"embeddable":true,"href":"https:\/\/shop.rogaska.si\/hr\/wp-json\/wp\/v2\/users\/1"}],"replies":[{"embeddable":true,"href":"https:\/\/shop.rogaska.si\/hr\/wp-json\/wp\/v2\/comments?post=157"}],"version-history":[{"count":3,"href":"https:\/\/shop.rogaska.si\/hr\/wp-json\/wp\/v2\/pages\/157\/revisions"}],"predecessor-version":[{"id":530,"href":"https:\/\/shop.rogaska.si\/hr\/wp-json\/wp\/v2\/pages\/157\/revisions\/530"}],"wp:attachment":[{"href":"https:\/\/shop.rogaska.si\/hr\/wp-json\/wp\/v2\/media?parent=157"}],"curies":[{"name":"wp","href":"https:\/\/api.w.org\/{rel}","templated":true}]}}