{"id":428,"date":"2025-11-17T18:26:57","date_gmt":"2025-11-17T17:26:57","guid":{"rendered":"https:\/\/shop.rogaska.si\/hr\/?post_type=product&#038;p=428"},"modified":"2025-12-20T12:15:04","modified_gmt":"2025-12-20T11:15:04","slug":"cokoladno-razvajanje-za-telo","status":"publish","type":"product","link":"https:\/\/shop.rogaska.si\/hr\/product\/cokoladno-razvajanje-za-telo\/","title":{"rendered":"\u010cokoladni u\u017eitak za tijelo"},"content":{"rendered":"<div>\n<p class=\"mb-2\">Pobjegnite u senzualnu oazu i prepustite se rasko\u0161nom \u010dokoladnom mousseu. Luksuzno 3-u-1 iskustvo za tijelo koje kombinira \u010di\u0161\u0107enje, piling i masku s dobrotom kakaa i sna\u017enom mje\u0161avinom aktivnih sastojaka. Va\u0161a \u0107e ko\u017ea izgledati neodoljivo mekano, glatko i blistavo te \u010dvr\u0161\u0107e i zategnutije.<\/p>\n<p class=\"mb-2\">Trajanje: 60 min.<\/p>\n<\/div>\n<p>&nbsp;<\/p>\n<p>&nbsp;<\/p>\n","protected":false},"excerpt":{"rendered":"<p style=\"text-align: left;\">Poklon bon za \u010dokoladni tretman tijela u trajanju od 60 minuta.<\/p>\n","protected":false},"featured_media":440,"comment_status":"closed","ping_status":"closed","template":"","meta":[],"product_brand":[],"product_cat":[20],"product_tag":[],"class_list":{"0":"post-428","1":"product","2":"type-product","3":"status-publish","4":"has-post-thumbnail","6":"product_cat-roi-beauty","8":"first","9":"instock","10":"virtual","11":"taxable","12":"purchasable","13":"product-type-simple"},"_links":{"self":[{"href":"https:\/\/shop.rogaska.si\/hr\/wp-json\/wp\/v2\/product\/428","targetHints":{"allow":["GET"]}}],"collection":[{"href":"https:\/\/shop.rogaska.si\/hr\/wp-json\/wp\/v2\/product"}],"about":[{"href":"https:\/\/shop.rogaska.si\/hr\/wp-json\/wp\/v2\/types\/product"}],"replies":[{"embeddable":true,"href":"https:\/\/shop.rogaska.si\/hr\/wp-json\/wp\/v2\/comments?post=428"}],"wp:featuredmedia":[{"embeddable":true,"href":"https:\/\/shop.rogaska.si\/hr\/wp-json\/wp\/v2\/media\/440"}],"wp:attachment":[{"href":"https:\/\/shop.rogaska.si\/hr\/wp-json\/wp\/v2\/media?parent=428"}],"wp:term":[{"taxonomy":"product_brand","embeddable":true,"href":"https:\/\/shop.rogaska.si\/hr\/wp-json\/wp\/v2\/product_brand?post=428"},{"taxonomy":"product_cat","embeddable":true,"href":"https:\/\/shop.rogaska.si\/hr\/wp-json\/wp\/v2\/product_cat?post=428"},{"taxonomy":"product_tag","embeddable":true,"href":"https:\/\/shop.rogaska.si\/hr\/wp-json\/wp\/v2\/product_tag?post=428"}],"curies":[{"name":"wp","href":"https:\/\/api.w.org\/{rel}","templated":true}]}}