{"id":429,"date":"2025-11-17T18:29:45","date_gmt":"2025-11-17T17:29:45","guid":{"rendered":"https:\/\/shop.rogaska.si\/hr\/?post_type=product&#038;p=429"},"modified":"2025-12-20T12:15:04","modified_gmt":"2025-12-20T11:15:04","slug":"bozicna-kopel","status":"publish","type":"product","link":"https:\/\/shop.rogaska.si\/hr\/product\/bozicna-kopel\/","title":{"rendered":"Bo\u017ei\u0107na kupka"},"content":{"rendered":"<p>Bo\u017ei\u0107na kupka s aromom i hidromasa\u017eom luksuzno je i opu\u0161taju\u0107e iskustvo koje kombinira blagdanske mirise, toplu vodu i ugodne masa\u017ene mjehuri\u0107e.<\/p>\n<p>Trajanje: 20 min.<\/p>\n","protected":false},"excerpt":{"rendered":"<p style=\"text-align: left;\">Poklon bon za 20-minutnu bo\u017ei\u0107nu kupku.<\/p>\n","protected":false},"featured_media":443,"comment_status":"closed","ping_status":"closed","template":"","meta":[],"product_brand":[],"product_cat":[20],"product_tag":[],"class_list":{"0":"post-429","1":"product","2":"type-product","3":"status-publish","4":"has-post-thumbnail","6":"product_cat-roi-beauty","8":"first","9":"instock","10":"virtual","11":"taxable","12":"purchasable","13":"product-type-simple"},"_links":{"self":[{"href":"https:\/\/shop.rogaska.si\/hr\/wp-json\/wp\/v2\/product\/429","targetHints":{"allow":["GET"]}}],"collection":[{"href":"https:\/\/shop.rogaska.si\/hr\/wp-json\/wp\/v2\/product"}],"about":[{"href":"https:\/\/shop.rogaska.si\/hr\/wp-json\/wp\/v2\/types\/product"}],"replies":[{"embeddable":true,"href":"https:\/\/shop.rogaska.si\/hr\/wp-json\/wp\/v2\/comments?post=429"}],"wp:featuredmedia":[{"embeddable":true,"href":"https:\/\/shop.rogaska.si\/hr\/wp-json\/wp\/v2\/media\/443"}],"wp:attachment":[{"href":"https:\/\/shop.rogaska.si\/hr\/wp-json\/wp\/v2\/media?parent=429"}],"wp:term":[{"taxonomy":"product_brand","embeddable":true,"href":"https:\/\/shop.rogaska.si\/hr\/wp-json\/wp\/v2\/product_brand?post=429"},{"taxonomy":"product_cat","embeddable":true,"href":"https:\/\/shop.rogaska.si\/hr\/wp-json\/wp\/v2\/product_cat?post=429"},{"taxonomy":"product_tag","embeddable":true,"href":"https:\/\/shop.rogaska.si\/hr\/wp-json\/wp\/v2\/product_tag?post=429"}],"curies":[{"name":"wp","href":"https:\/\/api.w.org\/{rel}","templated":true}]}}