{"id":430,"date":"2025-11-17T18:31:29","date_gmt":"2025-11-17T17:31:29","guid":{"rendered":"https:\/\/shop.rogaska.si\/hr\/?post_type=product&#038;p=430"},"modified":"2025-12-20T12:15:04","modified_gmt":"2025-12-20T11:15:04","slug":"roi-mango-obloga-na-vodni-postelji","status":"publish","type":"product","link":"https:\/\/shop.rogaska.si\/hr\/product\/roi-mango-obloga-na-vodni-postelji\/","title":{"rendered":"Roi mango wrap na vodenom krevetu"},"content":{"rendered":"<p>Opu\u0161tanje na vodenom krevetu u kombinaciji s oblogom od manga. Tretman zapo\u010dinje blagim ulaskom u prostoriju ispunjenu toplim, tropskim mirisima manga. Vodeni krevet omogu\u0107uje potpuno opu\u0161tanje tijela. Lagano ljuljanje vode ubla\u017eava kralje\u017enicu i zglobove.<\/p>\n<p>Trajanje: 30 min.<\/p>\n","protected":false},"excerpt":{"rendered":"<p style=\"text-align: left;\">Poklon bon za Roi wrap od manga na vodenom krevetu u trajanju od 30 minuta.<\/p>\n","protected":false},"featured_media":447,"comment_status":"closed","ping_status":"closed","template":"","meta":[],"product_brand":[],"product_cat":[20],"product_tag":[],"class_list":{"0":"post-430","1":"product","2":"type-product","3":"status-publish","4":"has-post-thumbnail","6":"product_cat-roi-beauty","8":"first","9":"instock","10":"virtual","11":"taxable","12":"purchasable","13":"product-type-simple"},"_links":{"self":[{"href":"https:\/\/shop.rogaska.si\/hr\/wp-json\/wp\/v2\/product\/430","targetHints":{"allow":["GET"]}}],"collection":[{"href":"https:\/\/shop.rogaska.si\/hr\/wp-json\/wp\/v2\/product"}],"about":[{"href":"https:\/\/shop.rogaska.si\/hr\/wp-json\/wp\/v2\/types\/product"}],"replies":[{"embeddable":true,"href":"https:\/\/shop.rogaska.si\/hr\/wp-json\/wp\/v2\/comments?post=430"}],"wp:featuredmedia":[{"embeddable":true,"href":"https:\/\/shop.rogaska.si\/hr\/wp-json\/wp\/v2\/media\/447"}],"wp:attachment":[{"href":"https:\/\/shop.rogaska.si\/hr\/wp-json\/wp\/v2\/media?parent=430"}],"wp:term":[{"taxonomy":"product_brand","embeddable":true,"href":"https:\/\/shop.rogaska.si\/hr\/wp-json\/wp\/v2\/product_brand?post=430"},{"taxonomy":"product_cat","embeddable":true,"href":"https:\/\/shop.rogaska.si\/hr\/wp-json\/wp\/v2\/product_cat?post=430"},{"taxonomy":"product_tag","embeddable":true,"href":"https:\/\/shop.rogaska.si\/hr\/wp-json\/wp\/v2\/product_tag?post=430"}],"curies":[{"name":"wp","href":"https:\/\/api.w.org\/{rel}","templated":true}]}}