{"id":431,"date":"2025-11-17T18:34:34","date_gmt":"2025-11-17T17:34:34","guid":{"rendered":"https:\/\/shop.rogaska.si\/hr\/?post_type=product&#038;p=431"},"modified":"2025-12-20T12:15:04","modified_gmt":"2025-12-20T11:15:04","slug":"roi-mango-masaza-telesa-in-obraza-v-kombinaciji-z-oblogo","status":"publish","type":"product","link":"https:\/\/shop.rogaska.si\/hr\/product\/roi-mango-masaza-telesa-in-obraza-v-kombinaciji-z-oblogo\/","title":{"rendered":"Masa\u017ea tijela i lica Roi mangom u kombinaciji s omotom"},"content":{"rendered":"<p>Jedinstvena Roi masa\u017ea tijela i lica s mangom, upotpunjena oblogom. Postupak uklju\u010duje nje\u017enu masa\u017eu tijela maslacem od manga, koja ubla\u017eava napetost u mi\u0161i\u0107ima i zglobovima. Masa\u017ea lica opu\u0161ta mi\u0161i\u0107e lica i vra\u0107a ko\u017ei sjaj. Potpuno iskustvo zaokru\u017euje oblog tijela s mangom.<\/p>\n<p>Trajanje: 60 min.<\/p>\n","protected":false},"excerpt":{"rendered":"<p style=\"text-align: left;\">Poklon bon za Roi mango masa\u017eu tijela i lica u kombinaciji s omatanjem u trajanju od 60 minuta.<\/p>\n","protected":false},"featured_media":232,"comment_status":"closed","ping_status":"closed","template":"","meta":[],"product_brand":[],"product_cat":[21,20],"product_tag":[],"class_list":{"0":"post-431","1":"product","2":"type-product","3":"status-publish","4":"has-post-thumbnail","6":"product_cat-masaze","7":"product_cat-roi-beauty","9":"first","10":"instock","11":"virtual","12":"taxable","13":"purchasable","14":"product-type-simple"},"_links":{"self":[{"href":"https:\/\/shop.rogaska.si\/hr\/wp-json\/wp\/v2\/product\/431","targetHints":{"allow":["GET"]}}],"collection":[{"href":"https:\/\/shop.rogaska.si\/hr\/wp-json\/wp\/v2\/product"}],"about":[{"href":"https:\/\/shop.rogaska.si\/hr\/wp-json\/wp\/v2\/types\/product"}],"replies":[{"embeddable":true,"href":"https:\/\/shop.rogaska.si\/hr\/wp-json\/wp\/v2\/comments?post=431"}],"wp:featuredmedia":[{"embeddable":true,"href":"https:\/\/shop.rogaska.si\/hr\/wp-json\/wp\/v2\/media\/232"}],"wp:attachment":[{"href":"https:\/\/shop.rogaska.si\/hr\/wp-json\/wp\/v2\/media?parent=431"}],"wp:term":[{"taxonomy":"product_brand","embeddable":true,"href":"https:\/\/shop.rogaska.si\/hr\/wp-json\/wp\/v2\/product_brand?post=431"},{"taxonomy":"product_cat","embeddable":true,"href":"https:\/\/shop.rogaska.si\/hr\/wp-json\/wp\/v2\/product_cat?post=431"},{"taxonomy":"product_tag","embeddable":true,"href":"https:\/\/shop.rogaska.si\/hr\/wp-json\/wp\/v2\/product_tag?post=431"}],"curies":[{"name":"wp","href":"https:\/\/api.w.org\/{rel}","templated":true}]}}