{"id":67,"date":"2024-12-05T12:49:53","date_gmt":"2024-12-05T11:49:53","guid":{"rendered":"https:\/\/shop.rogaska.si\/hr\/?post_type=product&#038;p=67"},"modified":"2025-12-20T12:15:04","modified_gmt":"2025-12-20T11:15:04","slug":"razvajanje-v-dvoje-v-sobi-lux","status":"publish","type":"product","link":"https:\/\/shop.rogaska.si\/hr\/product\/razvajanje-v-dvoje-v-sobi-lux\/","title":{"rendered":"Razma\u017eenje za dvoje u LUX sobi"},"content":{"rendered":"<p>Do\u017eivite vrhunsku udobnost i luksuz u prostranoj LUX sobi, gdje \u0107ete u\u017eivati \u200b\u200bu intimnoj atmosferi i opu\u0161taju\u0107em okru\u017eenju. Paket uklju\u010duje dva no\u0107enja za dvije osobe, idealno za romanti\u010dni bijeg.<\/p>\n","protected":false},"excerpt":{"rendered":"<p>Poklon bon za opu\u0161tanje za dvoje u LUX sobi 21 m\u00b2 &#8211; dvije no\u0107i za 2 osobe.<\/p>\n","protected":false},"featured_media":240,"comment_status":"closed","ping_status":"closed","template":"","meta":[],"product_brand":[],"product_cat":[18],"product_tag":[],"class_list":{"0":"post-67","1":"product","2":"type-product","3":"status-publish","4":"has-post-thumbnail","6":"product_cat-smjestaj","8":"first","9":"instock","10":"virtual","11":"taxable","12":"purchasable","13":"product-type-simple"},"_links":{"self":[{"href":"https:\/\/shop.rogaska.si\/hr\/wp-json\/wp\/v2\/product\/67","targetHints":{"allow":["GET"]}}],"collection":[{"href":"https:\/\/shop.rogaska.si\/hr\/wp-json\/wp\/v2\/product"}],"about":[{"href":"https:\/\/shop.rogaska.si\/hr\/wp-json\/wp\/v2\/types\/product"}],"replies":[{"embeddable":true,"href":"https:\/\/shop.rogaska.si\/hr\/wp-json\/wp\/v2\/comments?post=67"}],"wp:featuredmedia":[{"embeddable":true,"href":"https:\/\/shop.rogaska.si\/hr\/wp-json\/wp\/v2\/media\/240"}],"wp:attachment":[{"href":"https:\/\/shop.rogaska.si\/hr\/wp-json\/wp\/v2\/media?parent=67"}],"wp:term":[{"taxonomy":"product_brand","embeddable":true,"href":"https:\/\/shop.rogaska.si\/hr\/wp-json\/wp\/v2\/product_brand?post=67"},{"taxonomy":"product_cat","embeddable":true,"href":"https:\/\/shop.rogaska.si\/hr\/wp-json\/wp\/v2\/product_cat?post=67"},{"taxonomy":"product_tag","embeddable":true,"href":"https:\/\/shop.rogaska.si\/hr\/wp-json\/wp\/v2\/product_tag?post=67"}],"curies":[{"name":"wp","href":"https:\/\/api.w.org\/{rel}","templated":true}]}}