{"id":68,"date":"2024-12-05T12:51:03","date_gmt":"2024-12-05T11:51:03","guid":{"rendered":"https:\/\/shop.rogaska.si\/hr\/?post_type=product&#038;p=68"},"modified":"2025-12-29T12:19:31","modified_gmt":"2025-12-29T11:19:31","slug":"romanticna-vecerja-za-2-osebi","status":"publish","type":"product","link":"https:\/\/shop.rogaska.si\/hr\/product\/romanticna-vecerja-za-2-osebi\/","title":{"rendered":"Romanti\u010dna ve\u010dera za 2 osobe"},"content":{"rendered":"<p>Prepustite se kulinarskim delicijama u elegantnom restoranu Kaiser, gdje \u0107e vas o\u010darati romanti\u010dna atmosfera i odabrani okusi vrhunskih jela. Idealan izbor za nezaboravnu ve\u010der u dvoje.<\/p>\n","protected":false},"excerpt":{"rendered":"<p>Poklon bon za romanti\u010dnu ve\u010deru za 2 osobe u restoranu Kaiser.<\/p>\n","protected":false},"featured_media":255,"comment_status":"closed","ping_status":"closed","template":"","meta":[],"product_brand":[],"product_cat":[19],"product_tag":[],"class_list":{"0":"post-68","1":"product","2":"type-product","3":"status-publish","4":"has-post-thumbnail","6":"product_cat-gastronomija","8":"first","9":"instock","10":"virtual","11":"taxable","12":"purchasable","13":"product-type-simple"},"_links":{"self":[{"href":"https:\/\/shop.rogaska.si\/hr\/wp-json\/wp\/v2\/product\/68","targetHints":{"allow":["GET"]}}],"collection":[{"href":"https:\/\/shop.rogaska.si\/hr\/wp-json\/wp\/v2\/product"}],"about":[{"href":"https:\/\/shop.rogaska.si\/hr\/wp-json\/wp\/v2\/types\/product"}],"replies":[{"embeddable":true,"href":"https:\/\/shop.rogaska.si\/hr\/wp-json\/wp\/v2\/comments?post=68"}],"wp:featuredmedia":[{"embeddable":true,"href":"https:\/\/shop.rogaska.si\/hr\/wp-json\/wp\/v2\/media\/255"}],"wp:attachment":[{"href":"https:\/\/shop.rogaska.si\/hr\/wp-json\/wp\/v2\/media?parent=68"}],"wp:term":[{"taxonomy":"product_brand","embeddable":true,"href":"https:\/\/shop.rogaska.si\/hr\/wp-json\/wp\/v2\/product_brand?post=68"},{"taxonomy":"product_cat","embeddable":true,"href":"https:\/\/shop.rogaska.si\/hr\/wp-json\/wp\/v2\/product_cat?post=68"},{"taxonomy":"product_tag","embeddable":true,"href":"https:\/\/shop.rogaska.si\/hr\/wp-json\/wp\/v2\/product_tag?post=68"}],"curies":[{"name":"wp","href":"https:\/\/api.w.org\/{rel}","templated":true}]}}