{"id":69,"date":"2024-12-05T12:52:22","date_gmt":"2024-12-05T11:52:22","guid":{"rendered":"https:\/\/shop.rogaska.si\/hr\/?post_type=product&#038;p=69"},"modified":"2025-12-20T12:15:04","modified_gmt":"2025-12-20T11:15:04","slug":"roi-spa-za-dve-uri","status":"publish","type":"product","link":"https:\/\/shop.rogaska.si\/hr\/product\/roi-spa-za-dve-uri\/","title":{"rendered":"ROI SPA dva sata"},"content":{"rendered":"<p>Opustite se u vrhunskom ROI SPA Sauna Worldu, koji nudi \u0161irok izbor sauna i prostora za opu\u0161tanje. Dva sata potpunog opu\u0161tanja za obnovu energije i dobrobiti.<\/p>\n","protected":false},"excerpt":{"rendered":"<p>Poklon bon za dvosatni posjet ROI SPA centru za 1 osobu.<\/p>\n","protected":false},"featured_media":242,"comment_status":"closed","ping_status":"closed","template":"","meta":[],"product_brand":[],"product_cat":[22],"product_tag":[],"class_list":{"0":"post-69","1":"product","2":"type-product","3":"status-publish","4":"has-post-thumbnail","6":"product_cat-roi-spa","8":"first","9":"instock","10":"virtual","11":"taxable","12":"purchasable","13":"product-type-simple"},"_links":{"self":[{"href":"https:\/\/shop.rogaska.si\/hr\/wp-json\/wp\/v2\/product\/69","targetHints":{"allow":["GET"]}}],"collection":[{"href":"https:\/\/shop.rogaska.si\/hr\/wp-json\/wp\/v2\/product"}],"about":[{"href":"https:\/\/shop.rogaska.si\/hr\/wp-json\/wp\/v2\/types\/product"}],"replies":[{"embeddable":true,"href":"https:\/\/shop.rogaska.si\/hr\/wp-json\/wp\/v2\/comments?post=69"}],"wp:featuredmedia":[{"embeddable":true,"href":"https:\/\/shop.rogaska.si\/hr\/wp-json\/wp\/v2\/media\/242"}],"wp:attachment":[{"href":"https:\/\/shop.rogaska.si\/hr\/wp-json\/wp\/v2\/media?parent=69"}],"wp:term":[{"taxonomy":"product_brand","embeddable":true,"href":"https:\/\/shop.rogaska.si\/hr\/wp-json\/wp\/v2\/product_brand?post=69"},{"taxonomy":"product_cat","embeddable":true,"href":"https:\/\/shop.rogaska.si\/hr\/wp-json\/wp\/v2\/product_cat?post=69"},{"taxonomy":"product_tag","embeddable":true,"href":"https:\/\/shop.rogaska.si\/hr\/wp-json\/wp\/v2\/product_tag?post=69"}],"curies":[{"name":"wp","href":"https:\/\/api.w.org\/{rel}","templated":true}]}}