{"id":72,"date":"2024-12-05T12:56:57","date_gmt":"2024-12-05T11:56:57","guid":{"rendered":"https:\/\/shop.rogaska.si\/hr\/?post_type=product&#038;p=72"},"modified":"2025-12-20T12:15:04","modified_gmt":"2025-12-20T11:15:04","slug":"pedikura","status":"publish","type":"product","link":"https:\/\/shop.rogaska.si\/hr\/product\/pedikura\/","title":{"rendered":"Pedikura"},"content":{"rendered":"<p>\u010ci\u0161\u0107enje ko\u017ee s aparatom, oblikovanje i \u010di\u0161\u0107enje ko\u017eice oko noktiju te lakiranje noktiju.<\/p>\n","protected":false},"excerpt":{"rendered":"<p>Poklon bon za pedikuru.<\/p>\n","protected":false},"featured_media":222,"comment_status":"closed","ping_status":"closed","template":"","meta":[],"product_brand":[],"product_cat":[20],"product_tag":[],"class_list":{"0":"post-72","1":"product","2":"type-product","3":"status-publish","4":"has-post-thumbnail","6":"product_cat-roi-beauty","8":"first","9":"instock","10":"virtual","11":"taxable","12":"purchasable","13":"product-type-simple"},"_links":{"self":[{"href":"https:\/\/shop.rogaska.si\/hr\/wp-json\/wp\/v2\/product\/72","targetHints":{"allow":["GET"]}}],"collection":[{"href":"https:\/\/shop.rogaska.si\/hr\/wp-json\/wp\/v2\/product"}],"about":[{"href":"https:\/\/shop.rogaska.si\/hr\/wp-json\/wp\/v2\/types\/product"}],"replies":[{"embeddable":true,"href":"https:\/\/shop.rogaska.si\/hr\/wp-json\/wp\/v2\/comments?post=72"}],"wp:featuredmedia":[{"embeddable":true,"href":"https:\/\/shop.rogaska.si\/hr\/wp-json\/wp\/v2\/media\/222"}],"wp:attachment":[{"href":"https:\/\/shop.rogaska.si\/hr\/wp-json\/wp\/v2\/media?parent=72"}],"wp:term":[{"taxonomy":"product_brand","embeddable":true,"href":"https:\/\/shop.rogaska.si\/hr\/wp-json\/wp\/v2\/product_brand?post=72"},{"taxonomy":"product_cat","embeddable":true,"href":"https:\/\/shop.rogaska.si\/hr\/wp-json\/wp\/v2\/product_cat?post=72"},{"taxonomy":"product_tag","embeddable":true,"href":"https:\/\/shop.rogaska.si\/hr\/wp-json\/wp\/v2\/product_tag?post=72"}],"curies":[{"name":"wp","href":"https:\/\/api.w.org\/{rel}","templated":true}]}}