{"id":78,"date":"2024-12-05T15:08:19","date_gmt":"2024-12-05T14:08:19","guid":{"rendered":"https:\/\/shop.rogaska.si\/hr\/?post_type=product&#038;p=78"},"modified":"2025-12-20T12:15:04","modified_gmt":"2025-12-20T11:15:04","slug":"dalu-nega-obraza","status":"publish","type":"product","link":"https:\/\/shop.rogaska.si\/hr\/product\/dalu-nega-obraza\/","title":{"rendered":"Njega lica Dal\u00fa"},"content":{"rendered":"<div>\n<h3 class=\"fs-5 mb-2 mt-2 text-muted\">Ultimate intensive hydrating &amp; anti-aging beauty facial ritual<\/h3>\n<p class=\"mb-2\">6D Hydra Concept &amp; Anti-Aging facial marine boost treatment<br \/>\nIntenzivna hidratantna i anti-age njega uz uporabu suvremenog 6- dimenzionalnog koncepta hidratacije: 3 razli\u010dite mase hijaluronske kiseline u kombinaciji s drugim visokotehnolo\u0161kim ovla\u017eiva\u010dima i anti-age sastojcima- Ectoin\u00ae, Phytospherix\u00ae, AquaxylTM, InstensylTM hidratizraju ko\u017eu i obnavljaju kolagen i elastin. Posljedica toga je nestanak sitnih borica\u2026 Spirulina boost vodi brigu o dubinskoj remineralizaciji.<\/p>\n<\/div>\n<p>Trajanje: 60 min.<\/p>\n<p>&nbsp;<\/p>\n<p>&nbsp;<\/p>\n","protected":false},"excerpt":{"rendered":"<p>Poklon bon za Dal\u00fa tretman lica Ultimativni intenzivni hidratantni i anti-age ritual ljepote lica u trajanju od 60 minuta.<\/p>\n","protected":false},"featured_media":227,"comment_status":"closed","ping_status":"closed","template":"","meta":[],"product_brand":[],"product_cat":[20],"product_tag":[],"class_list":{"0":"post-78","1":"product","2":"type-product","3":"status-publish","4":"has-post-thumbnail","6":"product_cat-roi-beauty","8":"first","9":"instock","10":"virtual","11":"taxable","12":"purchasable","13":"product-type-simple"},"_links":{"self":[{"href":"https:\/\/shop.rogaska.si\/hr\/wp-json\/wp\/v2\/product\/78","targetHints":{"allow":["GET"]}}],"collection":[{"href":"https:\/\/shop.rogaska.si\/hr\/wp-json\/wp\/v2\/product"}],"about":[{"href":"https:\/\/shop.rogaska.si\/hr\/wp-json\/wp\/v2\/types\/product"}],"replies":[{"embeddable":true,"href":"https:\/\/shop.rogaska.si\/hr\/wp-json\/wp\/v2\/comments?post=78"}],"wp:featuredmedia":[{"embeddable":true,"href":"https:\/\/shop.rogaska.si\/hr\/wp-json\/wp\/v2\/media\/227"}],"wp:attachment":[{"href":"https:\/\/shop.rogaska.si\/hr\/wp-json\/wp\/v2\/media?parent=78"}],"wp:term":[{"taxonomy":"product_brand","embeddable":true,"href":"https:\/\/shop.rogaska.si\/hr\/wp-json\/wp\/v2\/product_brand?post=78"},{"taxonomy":"product_cat","embeddable":true,"href":"https:\/\/shop.rogaska.si\/hr\/wp-json\/wp\/v2\/product_cat?post=78"},{"taxonomy":"product_tag","embeddable":true,"href":"https:\/\/shop.rogaska.si\/hr\/wp-json\/wp\/v2\/product_tag?post=78"}],"curies":[{"name":"wp","href":"https:\/\/api.w.org\/{rel}","templated":true}]}}