{"id":157,"date":"2024-12-08T15:26:36","date_gmt":"2024-12-08T14:26:36","guid":{"rendered":"https:\/\/shop.rogaska.si\/it\/?page_id=157"},"modified":"2025-11-29T18:09:19","modified_gmt":"2025-11-29T17:09:19","slug":"contact","status":"publish","type":"page","link":"https:\/\/shop.rogaska.si\/it\/contact\/","title":{"rendered":"Contatto"},"content":{"rendered":"\n<div class=\"wp-block-group alignfull has-global-padding is-layout-constrained wp-block-group-is-layout-constrained\" style=\"margin-top:0;margin-bottom:0;padding-top:var(--wp--preset--spacing--50);padding-bottom:var(--wp--preset--spacing--50)\">\n<div class=\"wp-block-group alignwide has-global-padding is-layout-constrained wp-block-group-is-layout-constrained\">\n<h2 class=\"wp-block-heading alignfull has-text-align-left has-xx-large-font-size\">Contatto<\/h2>\n\n\n\n<div class=\"wp-block-group alignwide is-layout-grid wp-container-core-group-is-layout-5b5f6092 wp-block-group-is-layout-grid\" style=\"border-top-color:var(--wp--preset--color--accent-4);border-top-width:1px;margin-top:var(--wp--preset--spacing--50);padding-top:var(--wp--preset--spacing--60);padding-bottom:var(--wp--preset--spacing--60)\">\n<div class=\"wp-block-group is-layout-grid wp-container-core-group-is-layout-ce41be04 wp-block-group-is-layout-grid\">\n<div class=\"wp-block-group wp-container-content-e4b5e493 has-global-padding is-layout-constrained wp-block-group-is-layout-constrained\">\n<h3 class=\"wp-block-heading has-medium-font-size\" style=\"font-style:normal;font-weight:700\">HOTEL SAVA ROGA\u0160KA d.o.o.<\/h3>\n\n\n\n<p class=\"has-medium-font-size\">Zdravili\u0161ki trg 6<br>\u20283250 Roga\u0161ka Slatina<br>\u2028Slovenia<\/p>\n\n\n\n<p class=\"has-medium-font-size\"><a href=\"tel:+38638114000\">T +386 3 811 40 00<\/a><br><a href=\"mailto:info@rogaska.si\">info@rogaska.si<\/a><\/p>\n<\/div>\n<\/div>\n\n\n\n<div class=\"wp-block-group wp-container-content-30ce9d60 is-vertical is-layout-flex wp-container-core-group-is-layout-fe9cc265 wp-block-group-is-layout-flex\">\n<h3 class=\"wp-block-heading has-medium-font-size\" style=\"font-style:normal;font-weight:700\">Social media<\/h3>\n\n\n<nav class=\"has-medium-font-size  is-vertical wp-block-navigation is-layout-flex wp-container-core-navigation-is-layout-98bb686d wp-block-navigation-is-layout-flex\" aria-label=\"Navigation 2\"><ul class=\"wp-block-navigation__container has-medium-font-size  is-vertical wp-block-navigation has-medium-font-size\"><li class=\"has-medium-font-size wp-block-navigation-item wp-block-navigation-link\"><a class=\"wp-block-navigation-item__content\"  href=\"https:\/\/www.facebook.com\/gh.sava\"><span class=\"wp-block-navigation-item__label\">Facebook<\/span><\/a><\/li><li class=\"has-medium-font-size wp-block-navigation-item wp-block-navigation-link\"><a class=\"wp-block-navigation-item__content\"  href=\"https:\/\/www.instagram.com\/rogaska.si\/\"><span class=\"wp-block-navigation-item__label\">Instagram<\/span><\/a><\/li><li class=\"has-medium-font-size wp-block-navigation-item wp-block-navigation-link\"><a class=\"wp-block-navigation-item__content\"  href=\"https:\/\/x.com\/gh_sava\"><span class=\"wp-block-navigation-item__label\">X<\/span><\/a><\/li><li class=\"has-medium-font-size wp-block-navigation-item wp-block-navigation-link\"><a class=\"wp-block-navigation-item__content\"  href=\"https:\/\/www.tiktok.com\/@gh_sava_rogaskaslatina\"><span class=\"wp-block-navigation-item__label\">TikTok<\/span><\/a><\/li><\/ul><\/nav><\/div>\n<\/div>\n<\/div>\n<\/div>\n\n\n\n<div class=\"wp-block-group alignfull has-global-padding is-layout-constrained wp-block-group-is-layout-constrained\" style=\"margin-top:0;margin-bottom:0\">\n<div class=\"wp-block-group alignwide is-layout-flow wp-container-core-group-is-layout-d58a0413 wp-block-group-is-layout-flow\" style=\"padding-top:var(--wp--preset--spacing--50);padding-bottom:var(--wp--preset--spacing--50)\">\n<h2 class=\"wp-block-heading has-x-large-font-size\">Domande frequenti<\/h2>\n\n\n\n<div class=\"wp-block-columns is-layout-flex wp-container-core-columns-is-layout-cbe57604 wp-block-columns-is-layout-flex\">\n<div class=\"wp-block-column is-layout-flow wp-block-column-is-layout-flow\">\n<div class=\"wp-block-group is-layout-flow wp-block-group-is-layout-flow\" style=\"border-top-color:var(--wp--preset--color--accent-6);border-top-width:1px;padding-top:var(--wp--preset--spacing--30);padding-bottom:var(--wp--preset--spacing--30)\">\n<h3 class=\"wp-block-heading\">Qual \u00e8 la procedura per acquistare un buono regalo?<\/h3>\n\n\n\n<p>Seleziona il buono regalo desiderato. Inserisci il nome, l&#8217;indirizzo email del destinatario e un messaggio per lui, quindi aggiungi il buono regalo al carrello. Prima di effettuare l&#8217;ordine, controlla il carrello e apporta eventuali correzioni. Dopodich\u00e9 puoi continuare con gli acquisti o confermare l&#8217;ordine. Apparir\u00e0 un modulo in cui inserire tutte le informazioni necessarie e selezionare la modalit\u00e0 di pagamento.<\/p>\n<\/div>\n<\/div>\n\n\n\n<div class=\"wp-block-column is-layout-flow wp-block-column-is-layout-flow\">\n<div class=\"wp-block-group is-layout-flow wp-block-group-is-layout-flow\" style=\"border-top-color:var(--wp--preset--color--accent-6);border-top-width:1px;padding-top:var(--wp--preset--spacing--30);padding-bottom:var(--wp--preset--spacing--30)\">\n<h3 class=\"wp-block-heading\">Come posso ricevere un buono regalo?<\/h3>\n\n\n\n<p>Dopo aver ricevuto il pagamento, tu e il destinatario riceverete un&#8217;e-mail con un link per scaricare e stampare il buono regalo.<\/p>\n\n\n\n<p>Il buono regalo contiene un codice univoco necessario per riscattare il voucher.<\/p>\n<\/div>\n<\/div>\n<\/div>\n\n\n\n<div class=\"wp-block-columns is-layout-flex wp-container-core-columns-is-layout-cbe57604 wp-block-columns-is-layout-flex\">\n<div class=\"wp-block-column is-layout-flow wp-block-column-is-layout-flow\">\n<div class=\"wp-block-group is-layout-flow wp-block-group-is-layout-flow\" style=\"border-top-color:var(--wp--preset--color--accent-6);border-top-width:1px;padding-top:var(--wp--preset--spacing--30);padding-bottom:var(--wp--preset--spacing--30)\">\n<h3 class=\"wp-block-heading\">Per quanto tempo \u00e8 valido un buono regalo?<\/h3>\n\n\n\n<p>Il buono regalo \u00e8 valido per un anno dalla data di acquisto.<\/p>\n<\/div>\n<\/div>\n\n\n\n<div class=\"wp-block-column is-layout-flow wp-block-column-is-layout-flow\">\n<div class=\"wp-block-group is-layout-flow wp-block-group-is-layout-flow\" style=\"border-top-color:var(--wp--preset--color--accent-6);border-top-width:1px;padding-top:var(--wp--preset--spacing--30);padding-bottom:var(--wp--preset--spacing--30)\">\n<h3 class=\"wp-block-heading\">Quali metodi di pagamento accettate?<\/h3>\n\n\n\n<p>\u00c8 possibile pagare con carte di credito e di debito.<\/p>\n\n\n\n<p>\u00c8 anche possibile pagare tramite pre-fattura (tramite bonifico sul nostro conto; le istruzioni per il pagamento verranno inviate al momento dell&#8217;ordine).<br>Il pagamento verr\u00e0 effettuato sul nostro conto bancario. Inserisci l&#8217;ID dell&#8217;ordine come riferimento.<br>L&#8217;ordine verr\u00e0 spedito non appena riceveremo il pagamento sul nostro conto bancario.<\/p>\n<\/div>\n<\/div>\n<\/div>\n<\/div>\n<\/div>\n","protected":false},"excerpt":{"rendered":"<p>Contatto HOTEL SAVA ROGA\u0160KA d.o.o. Zdravili\u0161ki trg 6\u20283250 Roga\u0161ka Slatina\u2028Slovenia T +386 3 811 40 00info@rogaska.si Social media Domande frequenti Qual \u00e8 la procedura per acquistare un buono regalo? Seleziona il buono regalo desiderato. Inserisci il nome, l&#8217;indirizzo email del destinatario e un messaggio per lui, quindi aggiungi il buono regalo al carrello. Prima di [&hellip;]<\/p>\n","protected":false},"author":1,"featured_media":0,"parent":0,"menu_order":0,"comment_status":"closed","ping_status":"closed","template":"page-no-title","meta":{"footnotes":""},"class_list":["post-157","page","type-page","status-publish","hentry"],"_links":{"self":[{"href":"https:\/\/shop.rogaska.si\/it\/wp-json\/wp\/v2\/pages\/157","targetHints":{"allow":["GET"]}}],"collection":[{"href":"https:\/\/shop.rogaska.si\/it\/wp-json\/wp\/v2\/pages"}],"about":[{"href":"https:\/\/shop.rogaska.si\/it\/wp-json\/wp\/v2\/types\/page"}],"author":[{"embeddable":true,"href":"https:\/\/shop.rogaska.si\/it\/wp-json\/wp\/v2\/users\/1"}],"replies":[{"embeddable":true,"href":"https:\/\/shop.rogaska.si\/it\/wp-json\/wp\/v2\/comments?post=157"}],"version-history":[{"count":3,"href":"https:\/\/shop.rogaska.si\/it\/wp-json\/wp\/v2\/pages\/157\/revisions"}],"predecessor-version":[{"id":527,"href":"https:\/\/shop.rogaska.si\/it\/wp-json\/wp\/v2\/pages\/157\/revisions\/527"}],"wp:attachment":[{"href":"https:\/\/shop.rogaska.si\/it\/wp-json\/wp\/v2\/media?parent=157"}],"curies":[{"name":"wp","href":"https:\/\/api.w.org\/{rel}","templated":true}]}}